{"id":73,"date":"2021-11-08T09:40:14","date_gmt":"2021-11-08T09:40:14","guid":{"rendered":"http:\/\/transpolszczytno.pl\/?page_id=73"},"modified":"2024-10-10T12:03:11","modified_gmt":"2024-10-10T12:03:11","slug":"myjnia-2","status":"publish","type":"page","link":"https:\/\/transpolszczytno.pl\/index.php\/myjnia-2\/","title":{"rendered":"Myjnia"},"content":{"rendered":"<p>[et_pb_section fb_built=&#8221;1&#8243; fullwidth=&#8221;on&#8221; admin_label=&#8221;Header&#8221; _builder_version=&#8221;4.16&#8243; background_color=&#8221;#000000&#8243; global_colors_info=&#8221;{}&#8221;][et_pb_fullwidth_slider _builder_version=&#8221;4.16&#8243; header_font=&#8221;Montserrat|800||on|||||&#8221; header_font_size=&#8221;6vw&#8221; header_line_height=&#8221;1.2em&#8221; body_line_height=&#8221;1.8em&#8221; custom_button=&#8221;on&#8221; button_text_size=&#8221;14px&#8221; button_text_color=&#8221;#ffffff&#8221; button_bg_color=&#8221;#f9002b&#8221; button_border_width=&#8221;0px&#8221; button_letter_spacing=&#8221;2px&#8221; button_font=&#8221;Montserrat|600||on|||||&#8221; button_icon=&#8221;%%129%%&#8221; button_icon_placement=&#8221;left&#8221; button_on_hover=&#8221;off&#8221; text_orientation=&#8221;left&#8221; custom_padding=&#8221;10vw|6%|10vw|6%|true|true&#8221; custom_padding_tablet=&#8221;|10vw||10vw|true|true&#8221; custom_padding_phone=&#8221;&#8221; custom_padding_last_edited=&#8221;on|phone&#8221; global_colors_info=&#8221;{}&#8221; button_bg_color__hover_enabled=&#8221;on|desktop&#8221; button_bg_color__hover=&#8221;#6e42ff&#8221; button_bg_enable_color__hover=&#8221;on&#8221;][et_pb_slide heading=&#8221;        &#8221; _builder_version=&#8221;4.16&#8243; use_background_color_gradient=&#8221;on&#8221; background_color_gradient_stops=&#8221;rgba(0,0,0,0) 0%|#000000 100%&#8221; background_color_gradient_overlays_image=&#8221;on&#8221; background_color_gradient_start=&#8221;rgba(0,0,0,0)&#8221; background_color_gradient_end=&#8221;#000000&#8243; background_image=&#8221;https:\/\/transpolszczytno.pl\/wp-content\/uploads\/2021\/11\/MYJNIA-scaled.jpg&#8221; global_colors_info=&#8221;{}&#8221; sticky_transition=&#8221;on&#8221;][\/et_pb_slide][et_pb_slide heading=&#8221;TRANS-POL&#8221; _builder_version=&#8221;4.16&#8243; use_background_color_gradient=&#8221;on&#8221; background_color_gradient_stops=&#8221;rgba(0,0,0,0) 0%|#000000 100%&#8221; background_color_gradient_overlays_image=&#8221;on&#8221; background_color_gradient_start=&#8221;rgba(0,0,0,0)&#8221; background_color_gradient_end=&#8221;#000000&#8243; background_image=&#8221;https:\/\/transpolszczytno.pl\/wp-content\/uploads\/2021\/11\/STACJA-scaled.jpg&#8221; global_colors_info=&#8221;{}&#8221; sticky_transition=&#8221;on&#8221;][\/et_pb_slide][et_pb_slide _builder_version=&#8221;4.16&#8243; use_background_color_gradient=&#8221;on&#8221; background_color_gradient_stops=&#8221;rgba(0,0,0,0) 0%|#000000 100%&#8221; background_color_gradient_overlays_image=&#8221;on&#8221; background_color_gradient_start=&#8221;rgba(0,0,0,0)&#8221; background_color_gradient_end=&#8221;#000000&#8243; background_image=&#8221;https:\/\/transpolszczytno.pl\/wp-content\/uploads\/2021\/11\/PRZEGLAD2-scaled.jpg&#8221; button_icon=&#8221;&#xe013;||divi||400&#8243; global_colors_info=&#8221;{}&#8221; sticky_transition=&#8221;on&#8221;][\/et_pb_slide][et_pb_slide _builder_version=&#8221;4.16&#8243; use_background_color_gradient=&#8221;on&#8221; background_color_gradient_stops=&#8221;rgba(0,0,0,0) 0%|#000000 100%&#8221; background_color_gradient_overlays_image=&#8221;on&#8221; background_color_gradient_start=&#8221;rgba(0,0,0,0)&#8221; background_color_gradient_end=&#8221;#000000&#8243; background_image=&#8221;https:\/\/transpolszczytno.pl\/wp-content\/uploads\/2021\/11\/PELLET-scaled.jpg&#8221; button_icon=&#8221;&#xe08a;||divi||400&#8243; global_colors_info=&#8221;{}&#8221; sticky_transition=&#8221;on&#8221;][\/et_pb_slide][et_pb_slide _builder_version=&#8221;4.16&#8243; use_background_color_gradient=&#8221;on&#8221; background_color_gradient_stops=&#8221;rgba(0,0,0,0) 0%|#000000 100%&#8221; background_color_gradient_overlays_image=&#8221;on&#8221; background_color_gradient_start=&#8221;rgba(0,0,0,0)&#8221; background_color_gradient_end=&#8221;#000000&#8243; background_image=&#8221;https:\/\/transpolszczytno.pl\/wp-content\/uploads\/2021\/11\/WEGIEL-scaled.jpg&#8221; button_icon=&#8221;&#xe08a;||divi||400&#8243; global_colors_info=&#8221;{}&#8221; sticky_transition=&#8221;on&#8221;][\/et_pb_slide][\/et_pb_fullwidth_slider][\/et_pb_section][et_pb_section fb_built=&#8221;1&#8243; admin_label=&#8221;Calls to Action&#8221; _builder_version=&#8221;4.16&#8243; background_color=&#8221;#000000&#8243; custom_padding=&#8221;54px|0px|18px|0px|false|false&#8221; global_colors_info=&#8221;{}&#8221;][et_pb_row _builder_version=&#8221;4.16&#8243; global_colors_info=&#8221;{}&#8221;][et_pb_column type=&#8221;4_4&#8243; _builder_version=&#8221;4.16&#8243; custom_padding=&#8221;|||&#8221; global_colors_info=&#8221;{}&#8221; custom_padding__hover=&#8221;|||&#8221;][et_pb_image src=&#8221;https:\/\/transpolszczytno.pl\/wp-content\/uploads\/2021\/11\/logo_m.png&#8221; align=&#8221;center&#8221; align_tablet=&#8221;center&#8221; align_last_edited=&#8221;on|desktop&#8221; _builder_version=&#8221;4.16&#8243; max_width=&#8221;18%&#8221; animation_style=&#8221;fold&#8221; global_colors_info=&#8221;{}&#8221; align_phone=&#8221;center&#8221;][\/et_pb_image][\/et_pb_column][\/et_pb_row][\/et_pb_section][et_pb_section fb_built=&#8221;1&#8243; admin_label=&#8221;Movie&#8221; _builder_version=&#8221;4.16&#8243; background_color=&#8221;#000000&#8243; custom_padding=&#8221;21px|0px|54px|0px|false|false&#8221; global_colors_info=&#8221;{}&#8221;][et_pb_row _builder_version=&#8221;4.16&#8243; global_colors_info=&#8221;{}&#8221;][et_pb_column type=&#8221;4_4&#8243; _builder_version=&#8221;4.16&#8243; custom_padding=&#8221;|||&#8221; global_colors_info=&#8221;{}&#8221; custom_padding__hover=&#8221;|||&#8221;][et_pb_image src=&#8221;https:\/\/transpolszczytno.pl\/wp-content\/uploads\/2024\/10\/m.png&#8221; align_tablet=&#8221;center&#8221; align_last_edited=&#8221;on|desktop&#8221; _builder_version=&#8221;4.27.2&#8243; animation_style=&#8221;flip&#8221; hover_enabled=&#8221;0&#8243; global_colors_info=&#8221;{}&#8221; title_text=&#8221;m+&#8221; sticky_enabled=&#8221;0&#8243; align_phone=&#8221;center&#8221;][\/et_pb_image][\/et_pb_column][\/et_pb_row][\/et_pb_section][et_pb_section fb_built=&#8221;1&#8243; admin_label=&#8221;Movie&#8221; _builder_version=&#8221;4.16&#8243; background_color=&#8221;#000000&#8243; custom_padding=&#8221;54px|0px|24px|0px|false|false&#8221; global_colors_info=&#8221;{}&#8221;][et_pb_row _builder_version=&#8221;4.16&#8243; border_width_top=&#8221;1px&#8221; border_color_top=&#8221;#e02b20&#8243; border_width_bottom=&#8221;1px&#8221; border_color_bottom=&#8221;#e02b20&#8243; global_colors_info=&#8221;{}&#8221;][et_pb_column type=&#8221;4_4&#8243; _builder_version=&#8221;4.16&#8243; custom_padding=&#8221;|||&#8221; global_colors_info=&#8221;{}&#8221; custom_padding__hover=&#8221;|||&#8221;][et_pb_text _builder_version=&#8221;4.16&#8243; global_colors_info=&#8221;{}&#8221;]<\/p>\n<p style=\"text-align: center;\"><strong>\u00a0Myjni bezdotykowej samoobs\u0142ugowej marki<\/strong><\/p>\n<p style=\"text-align: center;\"><strong><img loading=\"lazy\" decoding=\"async\" src=\"https:\/\/transpolszczytno.pl\/wp-content\/uploads\/2021\/11\/bkf_logo-300x58.png\" width=\"300\" height=\"58\" alt=\"\" class=\"wp-image-77 alignnone size-medium\" srcset=\"https:\/\/transpolszczytno.pl\/wp-content\/uploads\/2021\/11\/bkf_logo-300x58.png 300w, https:\/\/transpolszczytno.pl\/wp-content\/uploads\/2021\/11\/bkf_logo.png 320w\" sizes=\"(max-width: 300px) 100vw, 300px\" \/><\/strong><\/p>\n<p style=\"text-align: center;\"><strong>Myjnia posiada pi\u0119\u0107 stanowiska mycia przeznaczone dla samochod\u00f3w osobowych oraz dostawczych do 3,5 m wysoko\u015bci. <\/strong><\/p>\n<h2 style=\"text-align: center;\"><span style=\"color: #ffffff;\"><strong>\u00a0Czynna ca\u0142\u0105 dob\u0119!<\/strong><\/span><\/h2>\n<p>&nbsp;<\/p>\n<hr \/>\n<p style=\"text-align: center;\"><span style=\"color: #e02b20;\"><strong>ZAPRASZAMY: Myjnia Bezdotykowa<\/strong><\/span><br \/><span style=\"color: #e02b20;\"><strong> Tel: 608-510-933<\/strong><\/span><br \/><span style=\"color: #e02b20;\"><strong> Problemy techniczne : Tel: 694-280-756 ,<\/strong><\/span><\/p>\n<p style=\"text-align: center;\"><span style=\"color: #e02b20;\"><strong>Tel: 602-584-860<\/strong><\/span><br \/><span style=\"color: #e02b20;\"><strong> Biuro: 89 624-32-17<\/strong><\/span><\/p>\n<p>[\/et_pb_text][\/et_pb_column][\/et_pb_row][et_pb_row _builder_version=&#8221;4.16&#8243; global_colors_info=&#8221;{}&#8221;][et_pb_column type=&#8221;4_4&#8243; _builder_version=&#8221;4.16&#8243; custom_padding=&#8221;|||&#8221; hover_enabled=&#8221;0&#8243; global_colors_info=&#8221;{}&#8221; custom_padding__hover=&#8221;|||&#8221; sticky_enabled=&#8221;0&#8243;][et_pb_text _builder_version=&#8221;4.27.2&#8243; hover_enabled=&#8221;0&#8243; border_width_bottom=&#8221;2px&#8221; border_color_bottom=&#8221;#e02b20&#8243; global_colors_info=&#8221;{}&#8221; sticky_enabled=&#8221;0&#8243;]<\/p>\n<p><strong>Oferta mycia pojazd\u00f3w sk\u0142ad si\u0119 z 5 podstawowych program\u00f3w myj\u0105cych :\u00a0<\/strong><\/p>\n<p><strong>1. Turbo oprysk<br \/>2. Piana aktywna<br \/>3. Mycie ci\u015bnieniowe bezdotykowe<br \/>4. Sp\u0142ukiwanie<br \/>5. Konserwacja polimerem<br \/>6. Nab\u0142yszczanie<br \/>dodatkowego 7 programu specjalnego do mycia felg<\/strong><\/p>\n<p>&nbsp;<\/p>\n<p><strong>Obok 5 modu\u0142owej myjni znajduje si\u0119 dwu &#8211; stanowiskowy odkurzacz do sprz\u0105tania wn\u0119trz pojazd\u00f3w.<\/strong><\/p>\n<p style=\"text-align: justify;\"><strong>W naszej myjni wykorzystywane s\u0105 wy\u0142\u0105cznie oryginalne \u015brodki chemiczne myj\u0105ce i konserwuj\u0105ce firmy,\u00a0<\/strong><strong>kt\u00f3re dzi\u0119ki swojej wysokiej jako\u015bci daj\u0105 gwarancj\u0119 skutecznego mycia, bez plam i zaciek\u00f3w, zabezpieczaj\u0105 karoseri\u0119 przed dzia\u0142aniem czynnik\u00f3w atmosferycznych oraz utrudniaj\u0105 osadzanie si\u0119 kurzu, a tak\u017ce nawet przy cz\u0119stym korzystaniu z myjni nie powoduj\u0105 matowienia oraz odbarwienia lakieru.<\/strong><\/p>\n<p style=\"text-align: justify;\"><strong><\/strong><\/p>\n<p>[\/et_pb_text][\/et_pb_column][\/et_pb_row][et_pb_row _builder_version=&#8221;4.27.2&#8243; _module_preset=&#8221;default&#8221;][et_pb_column _builder_version=&#8221;4.27.2&#8243; _module_preset=&#8221;default&#8221; type=&#8221;4_4&#8243;][et_pb_gallery _builder_version=&#8221;4.27.2&#8243; _module_preset=&#8221;default&#8221; gallery_ids=&#8221;146,147,148,149,150,151,152,153,154,155,157,158,159,160,161,162,163,164,165,166,167&#8243; gallery_orderby=&#8221;rand&#8221; show_title_and_caption=&#8221;off&#8221; hover_enabled=&#8221;0&#8243; sticky_enabled=&#8221;0&#8243;][\/et_pb_gallery][\/et_pb_column][\/et_pb_row][\/et_pb_section][et_pb_section fb_built=&#8221;1&#8243; admin_label=&#8221;Movie&#8221; _builder_version=&#8221;4.16&#8243; background_color=&#8221;#000000&#8243; custom_padding=&#8221;33px|0px|54px|0px|false|false&#8221; global_colors_info=&#8221;{}&#8221;][et_pb_row _builder_version=&#8221;4.16&#8243; global_colors_info=&#8221;{}&#8221;][et_pb_column type=&#8221;4_4&#8243; _builder_version=&#8221;4.16&#8243; custom_padding=&#8221;|||&#8221; global_colors_info=&#8221;{}&#8221; custom_padding__hover=&#8221;|||&#8221;][et_pb_image src=&#8221;https:\/\/transpolszczytno.pl\/wp-content\/uploads\/2021\/11\/myjnia2.png&#8221; align_tablet=&#8221;center&#8221; align_last_edited=&#8221;on|desktop&#8221; _builder_version=&#8221;4.16&#8243; animation_style=&#8221;zoom&#8221; global_colors_info=&#8221;{}&#8221; align_phone=&#8221;center&#8221;][\/et_pb_image][\/et_pb_column][\/et_pb_row][et_pb_row _builder_version=&#8221;4.16&#8243; global_colors_info=&#8221;{}&#8221;][et_pb_column type=&#8221;4_4&#8243; _builder_version=&#8221;4.16&#8243; custom_padding=&#8221;|||&#8221; global_colors_info=&#8221;{}&#8221; custom_padding__hover=&#8221;|||&#8221;][et_pb_text _builder_version=&#8221;4.16&#8243; border_width_top=&#8221;2px&#8221; border_color_top=&#8221;#e02b20&#8243; border_width_bottom=&#8221;2px&#8221; border_color_bottom=&#8221;#e02b20&#8243; global_colors_info=&#8221;{}&#8221;]<\/p>\n<p style=\"text-align: center;\"><strong><span><\/span><\/strong><\/p>\n<p style=\"text-align: center;\"><strong><span>Dla os\u00f3b prowadz\u0105cych dzia\u0142alno\u015b\u0107 gospodarcz\u0105 istnieje mo\u017cliwo\u015b\u0107 zakupu na naszej Stacji Paliw \u017ceton\u00f3w na mycie pojazdu lub te\u017c odkurzanie i otrzymanie zbiorczej Faktury VAT .<\/span><\/strong><\/p>\n<p style=\"text-align: center;\"><strong><span><\/span><\/strong><\/p>\n<p>[\/et_pb_text][\/et_pb_column][\/et_pb_row][\/et_pb_section][et_pb_section fb_built=&#8221;1&#8243; admin_label=&#8221;Footer&#8221; _builder_version=&#8221;4.16&#8243; use_background_color_gradient=&#8221;on&#8221; background_color_gradient_stops=&#8221;#000000 0%|rgba(0,0,0,0) 50%&#8221; background_color_gradient_overlays_image=&#8221;on&#8221; background_color_gradient_start=&#8221;#000000&#8243; background_color_gradient_end=&#8221;rgba(0,0,0,0)&#8221; background_color_gradient_end_position=&#8221;50%&#8221; background_image=&#8221;https:\/\/transpolszczytno.pl\/wp-content\/uploads\/2021\/11\/PRZEGLAD-scaled.jpg&#8221; locked=&#8221;off&#8221; global_colors_info=&#8221;{}&#8221;][et_pb_row _builder_version=&#8221;4.16&#8243; global_colors_info=&#8221;{}&#8221;][et_pb_column type=&#8221;4_4&#8243; _builder_version=&#8221;4.16&#8243; custom_padding=&#8221;|||&#8221; global_colors_info=&#8221;{}&#8221; custom_padding__hover=&#8221;|||&#8221;][\/et_pb_column][\/et_pb_row][et_pb_row _builder_version=&#8221;4.16&#8243; global_colors_info=&#8221;{}&#8221; column_structure=&#8221;1_2,1_2&#8243;][et_pb_column type=&#8221;1_2&#8243; _builder_version=&#8221;4.16&#8243; custom_padding=&#8221;|||&#8221; global_colors_info=&#8221;{}&#8221; custom_padding__hover=&#8221;|||&#8221;][\/et_pb_column][et_pb_column type=&#8221;1_2&#8243; _builder_version=&#8221;4.16&#8243; custom_padding=&#8221;|||&#8221; global_colors_info=&#8221;{}&#8221; custom_padding__hover=&#8221;|||&#8221;][\/et_pb_column][\/et_pb_row][\/et_pb_section]<\/p>\n","protected":false},"excerpt":{"rendered":"<p>\u00a0Myjni bezdotykowej samoobs\u0142ugowej marki Myjnia posiada pi\u0119\u0107 stanowiska mycia przeznaczone dla samochod\u00f3w osobowych oraz dostawczych do 3,5 m wysoko\u015bci. \u00a0Czynna ca\u0142\u0105 dob\u0119! &nbsp; ZAPRASZAMY: Myjnia Bezdotykowa Tel: 608-510-933 Problemy techniczne : Tel: 694-280-756 , Tel: 602-584-860 Biuro: 89 624-32-17Oferta mycia pojazd\u00f3w sk\u0142ad si\u0119 z 5 podstawowych program\u00f3w myj\u0105cych :\u00a0 1. Turbo oprysk2. Piana aktywna3. Mycie [&hellip;]<\/p>\n","protected":false},"author":2,"featured_media":0,"parent":0,"menu_order":0,"comment_status":"closed","ping_status":"closed","template":"","meta":{"_et_pb_use_builder":"on","_et_pb_old_content":"","_et_gb_content_width":"","footnotes":""},"class_list":["post-73","page","type-page","status-publish","hentry"],"_links":{"self":[{"href":"https:\/\/transpolszczytno.pl\/index.php\/wp-json\/wp\/v2\/pages\/73","targetHints":{"allow":["GET"]}}],"collection":[{"href":"https:\/\/transpolszczytno.pl\/index.php\/wp-json\/wp\/v2\/pages"}],"about":[{"href":"https:\/\/transpolszczytno.pl\/index.php\/wp-json\/wp\/v2\/types\/page"}],"author":[{"embeddable":true,"href":"https:\/\/transpolszczytno.pl\/index.php\/wp-json\/wp\/v2\/users\/2"}],"replies":[{"embeddable":true,"href":"https:\/\/transpolszczytno.pl\/index.php\/wp-json\/wp\/v2\/comments?post=73"}],"version-history":[{"count":6,"href":"https:\/\/transpolszczytno.pl\/index.php\/wp-json\/wp\/v2\/pages\/73\/revisions"}],"predecessor-version":[{"id":168,"href":"https:\/\/transpolszczytno.pl\/index.php\/wp-json\/wp\/v2\/pages\/73\/revisions\/168"}],"wp:attachment":[{"href":"https:\/\/transpolszczytno.pl\/index.php\/wp-json\/wp\/v2\/media?parent=73"}],"curies":[{"name":"wp","href":"https:\/\/api.w.org\/{rel}","templated":true}]}}