{"id":64,"date":"2021-11-08T09:37:08","date_gmt":"2021-11-08T09:37:08","guid":{"rendered":"http:\/\/transpolszczytno.pl\/?page_id=64"},"modified":"2021-11-08T11:19:56","modified_gmt":"2021-11-08T11:19:56","slug":"okregowa-stacja-kontroli-pojazdow","status":"publish","type":"page","link":"https:\/\/transpolszczytno.pl\/index.php\/okregowa-stacja-kontroli-pojazdow\/","title":{"rendered":"Okr\u0119gowa Stacja Kontroli Pojazd\u00f3w"},"content":{"rendered":"<p>[et_pb_section fb_built=&#8221;1&#8243; fullwidth=&#8221;on&#8221; admin_label=&#8221;Header&#8221; _builder_version=&#8221;3.29.1&#8243; background_color=&#8221;#000000&#8243;][et_pb_fullwidth_slider _builder_version=&#8221;3.17.2&#8243; header_font=&#8221;Montserrat|800||on|||||&#8221; header_font_size=&#8221;6vw&#8221; header_line_height=&#8221;1.2em&#8221; body_line_height=&#8221;1.8em&#8221; custom_button=&#8221;on&#8221; button_text_size=&#8221;14px&#8221; button_text_color=&#8221;#ffffff&#8221; button_bg_color=&#8221;#f9002b&#8221; button_border_width=&#8221;0px&#8221; button_letter_spacing=&#8221;2px&#8221; button_font=&#8221;Montserrat|600||on|||||&#8221; button_icon=&#8221;%%129%%&#8221; button_icon_placement=&#8221;left&#8221; button_on_hover=&#8221;off&#8221; text_orientation=&#8221;left&#8221; custom_padding=&#8221;10vw|6%|10vw|6%|true|true&#8221; custom_padding_tablet=&#8221;|10vw||10vw|true|true&#8221; custom_padding_last_edited=&#8221;on|phone&#8221; button_bg_color__hover_enabled=&#8221;on|desktop&#8221; button_bg_color__hover=&#8221;#6e42ff&#8221; button_bg_enable_color__hover=&#8221;on&#8221;][et_pb_slide _builder_version=&#8221;3.17.2&#8243; use_background_color_gradient=&#8221;on&#8221; background_color_gradient_start=&#8221;rgba(0,0,0,0)&#8221; background_color_gradient_end=&#8221;#000000&#8243; background_color_gradient_overlays_image=&#8221;on&#8221; background_image=&#8221;http:\/\/transpolszczytno.pl\/wp-content\/uploads\/2021\/11\/PRZEGLAD2-scaled.jpg&#8221; button_icon=&#8221;%%112%%&#8221;][\/et_pb_slide][et_pb_slide heading=&#8221;TRANS-POL&#8221; _builder_version=&#8221;3.17.2&#8243; use_background_color_gradient=&#8221;on&#8221; background_color_gradient_start=&#8221;rgba(0,0,0,0)&#8221; background_color_gradient_end=&#8221;#000000&#8243; background_color_gradient_overlays_image=&#8221;on&#8221; background_image=&#8221;http:\/\/transpolszczytno.pl\/wp-content\/uploads\/2021\/11\/STACJA-scaled.jpg&#8221;][\/et_pb_slide][et_pb_slide _builder_version=&#8221;3.17.2&#8243; use_background_color_gradient=&#8221;on&#8221; background_color_gradient_start=&#8221;rgba(0,0,0,0)&#8221; background_color_gradient_end=&#8221;#000000&#8243; background_color_gradient_overlays_image=&#8221;on&#8221; background_image=&#8221;http:\/\/transpolszczytno.pl\/wp-content\/uploads\/2021\/11\/MYJNIA-scaled.jpg&#8221;][\/et_pb_slide][et_pb_slide _builder_version=&#8221;3.17.2&#8243; use_background_color_gradient=&#8221;on&#8221; background_color_gradient_start=&#8221;rgba(0,0,0,0)&#8221; background_color_gradient_end=&#8221;#000000&#8243; background_color_gradient_overlays_image=&#8221;on&#8221; background_image=&#8221;http:\/\/transpolszczytno.pl\/wp-content\/uploads\/2021\/11\/PELLET-scaled.jpg&#8221; button_icon=&#8221;%%258%%&#8221;][\/et_pb_slide][et_pb_slide _builder_version=&#8221;3.17.2&#8243; use_background_color_gradient=&#8221;on&#8221; background_color_gradient_start=&#8221;rgba(0,0,0,0)&#8221; background_color_gradient_end=&#8221;#000000&#8243; background_color_gradient_overlays_image=&#8221;on&#8221; background_image=&#8221;http:\/\/transpolszczytno.pl\/wp-content\/uploads\/2021\/11\/WEGIEL-scaled.jpg&#8221; button_icon=&#8221;%%258%%&#8221;][\/et_pb_slide][\/et_pb_fullwidth_slider][\/et_pb_section][et_pb_section fb_built=&#8221;1&#8243; admin_label=&#8221;Calls to Action&#8221; _builder_version=&#8221;3.27.3&#8243; background_color=&#8221;#000000&#8243; custom_padding=&#8221;54px|0px|18px|0px|false|false&#8221;][et_pb_row _builder_version=&#8221;3.17.2&#8243;][et_pb_column type=&#8221;4_4&#8243; _builder_version=&#8221;3.0.47&#8243; parallax=&#8221;off&#8221; parallax_method=&#8221;on&#8221;][et_pb_image src=&#8221;http:\/\/transpolszczytno.pl\/wp-content\/uploads\/2021\/11\/logo_m.png&#8221; align=&#8221;center&#8221; _builder_version=&#8221;3.17.2&#8243; max_width=&#8221;18%&#8221; animation_style=&#8221;fold&#8221;][\/et_pb_image][\/et_pb_column][\/et_pb_row][\/et_pb_section][et_pb_section fb_built=&#8221;1&#8243; admin_label=&#8221;Movie&#8221; _builder_version=&#8221;3.27.3&#8243; background_color=&#8221;#000000&#8243; custom_padding=&#8221;21px|0px|54px|0px|false|false&#8221;][et_pb_row _builder_version=&#8221;3.17.2&#8243;][et_pb_column type=&#8221;4_4&#8243; _builder_version=&#8221;3.0.47&#8243; parallax=&#8221;off&#8221; parallax_method=&#8221;on&#8221;][et_pb_image src=&#8221;http:\/\/transpolszczytno.pl\/wp-content\/uploads\/2021\/11\/oskp1.png&#8221; _builder_version=&#8221;3.17.2&#8243; animation_style=&#8221;flip&#8221;][\/et_pb_image][\/et_pb_column][\/et_pb_row][\/et_pb_section][et_pb_section fb_built=&#8221;1&#8243; admin_label=&#8221;Movie&#8221; _builder_version=&#8221;3.27.3&#8243; background_color=&#8221;#000000&#8243;][et_pb_row _builder_version=&#8221;3.17.2&#8243;][et_pb_column type=&#8221;4_4&#8243; _builder_version=&#8221;3.0.47&#8243; parallax=&#8221;off&#8221; parallax_method=&#8221;on&#8221;][et_pb_text _builder_version=&#8221;3.17.2&#8243; border_width_top=&#8221;2px&#8221; border_color_top=&#8221;#e02b20&#8243; border_width_bottom=&#8221;2px&#8221; border_color_bottom=&#8221;#e02b20&#8243; animation_style=&#8221;zoom&#8221;]<\/p>\n<h4 style=\"text-align: center;\"><\/h4>\n<h4 style=\"text-align: center;\"><span style=\"color: #ffffff;\"><strong>OKR\u0118GOWA STACJA KONTROLI POJAZD\u00d3W<\/strong><\/span><\/h4>\n<p>&nbsp;<\/p>\n<p>[\/et_pb_text][\/et_pb_column][\/et_pb_row][et_pb_row _builder_version=&#8221;3.17.2&#8243;][et_pb_column type=&#8221;4_4&#8243; _builder_version=&#8221;3.17.2&#8243; parallax=&#8221;off&#8221; parallax_method=&#8221;on&#8221;][et_pb_text _builder_version=&#8221;3.17.2&#8243;]<\/p>\n<p style=\"text-align: center;\"><strong>Czynna od poniedzia\u0142ku do soboty w godzinach :<\/strong><br \/>\n<strong>Pon. \u2013 Pt : 7.00 \u2013 19.00<\/strong><br \/>\n<strong>Soboty : 7.00 \u2013 14.00<\/strong><br \/>\n<strong>Tel. 89 624-32-18 wew. 26.<\/strong>[\/et_pb_text][\/et_pb_column][\/et_pb_row][et_pb_row _builder_version=&#8221;3.17.2&#8243;][et_pb_column type=&#8221;4_4&#8243; _builder_version=&#8221;3.17.2&#8243; parallax=&#8221;off&#8221; parallax_method=&#8221;on&#8221;][et_pb_divider _builder_version=&#8221;3.17.2&#8243;][\/et_pb_divider][\/et_pb_column][\/et_pb_row][et_pb_row _builder_version=&#8221;3.17.2&#8243;][et_pb_column type=&#8221;4_4&#8243; _builder_version=&#8221;3.0.47&#8243; parallax=&#8221;off&#8221; parallax_method=&#8221;on&#8221;][et_pb_text _builder_version=&#8221;3.17.2&#8243;]<strong>Oferujemy pe\u0142en zakres bada\u0144 technicznych dla wszystkich typ\u00f3w pojazd\u00f3w :<\/strong><\/p>\n<hr \/>\n<p>&nbsp;<\/p>\n<p><strong>Okresowe badania techniczne :<\/strong><\/p>\n<ul>\n<li>samochody osobowe<\/li>\n<li>samochody dostawcze<\/li>\n<li>samochody ci\u0119\u017carowe do i powy\u017cej 3,5 tony<\/li>\n<li>pojazdy specjalistyczne<\/li>\n<li>ci\u0105gniki samochodowe siod\u0142owe<\/li>\n<li>naczepy<\/li>\n<li>autobusy<\/li>\n<li>motocykle<\/li>\n<li>ci\u0105gniki i przyczepy rolnicze<\/li>\n<li>pojazdy zabytkowe<\/li>\n<\/ul>\n<p>&nbsp;<\/p>\n<hr \/>\n<p><strong>Pierwsze badania techniczne pojazd\u00f3w sprowadzanych z za granicy.<\/strong><\/p>\n<hr \/>\n<p>&nbsp;<\/p>\n<p><strong>Dodatkowe badania pojazd\u00f3w :\u00a0<\/strong><\/p>\n<ul>\n<li>przystosowanych do zasilania gazem LPG<\/li>\n<li>przystosowanych do przewozu os\u00f3b TAXI<\/li>\n<li>przystosowanych do nauki jazdy \u201eL\u201d<\/li>\n<li>z zabranym dowodem rejestracyjnym<\/li>\n<li>uprzywilejowanych<\/li>\n<li>przystosowanych do ci\u0105gni\u0119cia przyczepy HAK<\/li>\n<\/ul>\n<p>&nbsp;<\/p>\n<hr \/>\n<p><strong>Wykonywanie tabliczek znamionowych.<\/strong><\/p>\n<hr \/>\n<p><strong>Nadawanie i wybijanie numer\u00f3w nadwozia VIN.<\/strong><\/p>\n<hr \/>\n<p>[\/et_pb_text][\/et_pb_column][\/et_pb_row][\/et_pb_section][et_pb_section fb_built=&#8221;1&#8243; admin_label=&#8221;Movie&#8221; _builder_version=&#8221;3.27.3&#8243; background_color=&#8221;#000000&#8243;][et_pb_row _builder_version=&#8221;3.17.2&#8243;][et_pb_column type=&#8221;4_4&#8243; _builder_version=&#8221;3.0.47&#8243; parallax=&#8221;off&#8221; parallax_method=&#8221;on&#8221;][et_pb_image src=&#8221;http:\/\/transpolszczytno.pl\/wp-content\/uploads\/2021\/11\/oskp2.png&#8221; _builder_version=&#8221;3.17.2&#8243; animation_style=&#8221;zoom&#8221;][\/et_pb_image][\/et_pb_column][\/et_pb_row][\/et_pb_section][et_pb_section fb_built=&#8221;1&#8243; admin_label=&#8221;Footer&#8221; _builder_version=&#8221;3.17.2&#8243; use_background_color_gradient=&#8221;on&#8221; background_color_gradient_start=&#8221;#000000&#8243; background_color_gradient_end=&#8221;rgba(0,0,0,0)&#8221; background_color_gradient_end_position=&#8221;50%&#8221; background_color_gradient_overlays_image=&#8221;on&#8221; background_image=&#8221;http:\/\/transpolszczytno.pl\/wp-content\/uploads\/2021\/11\/PRZEGLAD-scaled.jpg&#8221; locked=&#8221;off&#8221;][et_pb_row _builder_version=&#8221;3.29.1&#8243;][et_pb_column type=&#8221;4_4&#8243; _builder_version=&#8221;3.0.47&#8243; parallax=&#8221;off&#8221; parallax_method=&#8221;on&#8221;][\/et_pb_column][\/et_pb_row][et_pb_row _builder_version=&#8221;3.17.2&#8243;][et_pb_column type=&#8221;1_2&#8243; _builder_version=&#8221;3.0.47&#8243; parallax=&#8221;off&#8221; parallax_method=&#8221;on&#8221;][\/et_pb_column][et_pb_column type=&#8221;1_2&#8243; _builder_version=&#8221;3.0.47&#8243; parallax=&#8221;off&#8221; parallax_method=&#8221;on&#8221;][\/et_pb_column][\/et_pb_row][\/et_pb_section]<\/p>\n","protected":false},"excerpt":{"rendered":"<p>OKR\u0118GOWA STACJA KONTROLI POJAZD\u00d3W &nbsp;Czynna od poniedzia\u0142ku do soboty w godzinach : Pon. \u2013 Pt : 7.00 \u2013 19.00 Soboty : 7.00 \u2013 14.00 Tel. 89 624-32-18 wew. 26.Oferujemy pe\u0142en zakres bada\u0144 technicznych dla wszystkich typ\u00f3w pojazd\u00f3w : &nbsp; Okresowe badania techniczne : samochody osobowe samochody dostawcze samochody ci\u0119\u017carowe do i powy\u017cej 3,5 tony pojazdy [&hellip;]<\/p>\n","protected":false},"author":2,"featured_media":0,"parent":0,"menu_order":0,"comment_status":"closed","ping_status":"closed","template":"","meta":{"_et_pb_use_builder":"on","_et_pb_old_content":"<p>[et_pb_section bb_built=\"1\" admin_label=\"Header\" fullwidth=\"on\" _builder_version=\"3.29.1\" background_color=\"#000000\" next_background_color=\"#000000\"][et_pb_fullwidth_slider _builder_version=\"3.17.2\" header_font=\"Montserrat|800||on|||||\" header_font_size=\"6vw\" header_line_height=\"1.2em\" body_line_height=\"1.8em\" custom_button=\"on\" button_text_size=\"14px\" button_text_color=\"#ffffff\" button_bg_color=\"#f9002b\" button_border_width=\"0px\" button_letter_spacing=\"2px\" button_font=\"Montserrat|600||on|||||\" button_icon=\"%%129%%\" button_icon_placement=\"left\" button_on_hover=\"off\" text_orientation=\"left\" custom_padding=\"10vw|6%|10vw|6%|true|true\" custom_padding_tablet=\"|10vw||10vw|true|true\" custom_padding_last_edited=\"on|phone\" button_bg_color__hover_enabled=\"on|desktop\" button_bg_color__hover=\"#6e42ff\" button_bg_enable_color__hover=\"on\"][et_pb_slide heading=\"TRANS-POL\" _builder_version=\"3.17.2\" use_background_color_gradient=\"on\" background_color_gradient_start=\"rgba(0,0,0,0)\" background_color_gradient_end=\"#000000\" background_color_gradient_overlays_image=\"on\" background_image=\"http:\/\/transpolszczytno.pl\/wp-content\/uploads\/2021\/11\/STACJA-scaled.jpg\"][\/et_pb_slide][et_pb_slide _builder_version=\"3.17.2\" use_background_color_gradient=\"on\" background_color_gradient_start=\"rgba(0,0,0,0)\" background_color_gradient_end=\"#000000\" background_color_gradient_overlays_image=\"on\" background_image=\"http:\/\/transpolszczytno.pl\/wp-content\/uploads\/2021\/11\/MYJNIA-scaled.jpg\"][\/et_pb_slide][et_pb_slide _builder_version=\"3.17.2\" use_background_color_gradient=\"on\" background_color_gradient_start=\"rgba(0,0,0,0)\" background_color_gradient_end=\"#000000\" background_color_gradient_overlays_image=\"on\" background_image=\"http:\/\/transpolszczytno.pl\/wp-content\/uploads\/2021\/11\/PRZEGLAD2-scaled.jpg\" button_icon=\"%%112%%\"][\/et_pb_slide][et_pb_slide _builder_version=\"3.17.2\" use_background_color_gradient=\"on\" background_color_gradient_start=\"rgba(0,0,0,0)\" background_color_gradient_end=\"#000000\" background_color_gradient_overlays_image=\"on\" background_image=\"http:\/\/transpolszczytno.pl\/wp-content\/uploads\/2021\/11\/PELLET-scaled.jpg\" button_icon=\"%%258%%\"][\/et_pb_slide][et_pb_slide _builder_version=\"3.17.2\" use_background_color_gradient=\"on\" background_color_gradient_start=\"rgba(0,0,0,0)\" background_color_gradient_end=\"#000000\" background_color_gradient_overlays_image=\"on\" background_image=\"http:\/\/transpolszczytno.pl\/wp-content\/uploads\/2021\/11\/WEGIEL-scaled.jpg\" button_icon=\"%%258%%\"][\/et_pb_slide][\/et_pb_fullwidth_slider][\/et_pb_section][et_pb_section bb_built=\"1\" admin_label=\"Calls to Action\" _builder_version=\"3.27.3\" background_color=\"#000000\" custom_padding=\"54px|0px|18px|0px|false|false\" prev_background_color=\"#000000\" next_background_color=\"#000000\"][et_pb_row _builder_version=\"3.17.2\"][et_pb_column type=\"4_4\"][et_pb_image src=\"http:\/\/transpolszczytno.pl\/wp-content\/uploads\/2021\/11\/logo_m.png\" align=\"center\" _builder_version=\"3.17.2\" max_width=\"18%\" animation_style=\"fold\" \/][\/et_pb_column][\/et_pb_row][\/et_pb_section][et_pb_section bb_built=\"1\" admin_label=\"Movie\" _builder_version=\"3.27.3\" background_color=\"#000000\" custom_padding=\"21px|0px|54px|0px|false|false\" prev_background_color=\"#000000\" next_background_color=\"#000000\"][et_pb_row _builder_version=\"3.17.2\"][et_pb_column type=\"4_4\"][et_pb_image animation_style=\"flip\" src=\"http:\/\/transpolszczytno.pl\/wp-content\/uploads\/2021\/11\/sp2.png\" _builder_version=\"3.17.2\" \/][\/et_pb_column][\/et_pb_row][\/et_pb_section][et_pb_section bb_built=\"1\" admin_label=\"Movie\" _builder_version=\"3.27.3\" background_color=\"#000000\" prev_background_color=\"#000000\" next_background_color=\"#000000\"][et_pb_row _builder_version=\"3.17.2\" border_width_top=\"1px\" border_color_top=\"#e02b20\" border_width_bottom=\"1px\" border_color_bottom=\"#e02b20\"][et_pb_column type=\"4_4\"][et_pb_text _builder_version=\"3.17.2\"]<\/p><p style=\"text-align: center;\"><strong>Oferujemy Pa\u0144stwu paliwa najwy\u017cszej jako\u015bci.<\/strong><\/p><h2 style=\"text-align: center;\"><span style=\"color: #e02b20;\"><strong>Stacja paliw jest czynna ca\u0142\u0105 dob\u0119\/ 7 dni w tygodniu<\/strong><\/span><\/h2><p style=\"text-align: center;\"><strong>Stacja posiada koncesje na obr\u00f3t paliwami ciek\u0142ymi wydan\u0105 przez Urz\u0105d Regulacji Energetyki.<\/strong><\/p><p style=\"text-align: center;\"><strong>\u00a0<\/strong><\/p><p style=\"text-align: center;\"><strong>Tel. (89) 624-32-17 wew.22<\/strong><\/p><p>[\/et_pb_text][\/et_pb_column][\/et_pb_row][\/et_pb_section][et_pb_section bb_built=\"1\" admin_label=\"Movie\" _builder_version=\"3.27.3\" background_color=\"#000000\" prev_background_color=\"#000000\" next_background_color=\"#ffffff\"][et_pb_row _builder_version=\"3.17.2\"][et_pb_column type=\"4_4\"][et_pb_image src=\"http:\/\/transpolszczytno.pl\/wp-content\/uploads\/2021\/11\/sp.png\" _builder_version=\"3.17.2\" animation_style=\"zoom\" \/][\/et_pb_column][\/et_pb_row][\/et_pb_section][et_pb_section bb_built=\"1\" admin_label=\"Footer\" _builder_version=\"3.17.2\" use_background_color_gradient=\"on\" background_color_gradient_start=\"#000000\" background_color_gradient_end=\"rgba(0,0,0,0)\" background_color_gradient_end_position=\"50%\" background_color_gradient_overlays_image=\"on\" background_image=\"http:\/\/transpolszczytno.pl\/wp-content\/uploads\/2021\/11\/PRZEGLAD-scaled.jpg\" locked=\"off\" prev_background_color=\"#000000\"][et_pb_row _builder_version=\"3.29.1\"][et_pb_column type=\"4_4\"][\/et_pb_column][\/et_pb_row][et_pb_row _builder_version=\"3.17.2\"][et_pb_column type=\"1_2\"][\/et_pb_column][et_pb_column type=\"1_2\"][\/et_pb_column][\/et_pb_row][\/et_pb_section]<\/p>","_et_gb_content_width":"","footnotes":""},"class_list":["post-64","page","type-page","status-publish","hentry"],"_links":{"self":[{"href":"https:\/\/transpolszczytno.pl\/index.php\/wp-json\/wp\/v2\/pages\/64","targetHints":{"allow":["GET"]}}],"collection":[{"href":"https:\/\/transpolszczytno.pl\/index.php\/wp-json\/wp\/v2\/pages"}],"about":[{"href":"https:\/\/transpolszczytno.pl\/index.php\/wp-json\/wp\/v2\/types\/page"}],"author":[{"embeddable":true,"href":"https:\/\/transpolszczytno.pl\/index.php\/wp-json\/wp\/v2\/users\/2"}],"replies":[{"embeddable":true,"href":"https:\/\/transpolszczytno.pl\/index.php\/wp-json\/wp\/v2\/comments?post=64"}],"version-history":[{"count":8,"href":"https:\/\/transpolszczytno.pl\/index.php\/wp-json\/wp\/v2\/pages\/64\/revisions"}],"predecessor-version":[{"id":122,"href":"https:\/\/transpolszczytno.pl\/index.php\/wp-json\/wp\/v2\/pages\/64\/revisions\/122"}],"wp:attachment":[{"href":"https:\/\/transpolszczytno.pl\/index.php\/wp-json\/wp\/v2\/media?parent=64"}],"curies":[{"name":"wp","href":"https:\/\/api.w.org\/{rel}","templated":true}]}}