{"id":54,"date":"2021-11-05T13:01:45","date_gmt":"2021-11-05T13:01:45","guid":{"rendered":"http:\/\/transpolszczytno.pl\/?page_id=54"},"modified":"2021-11-08T11:14:12","modified_gmt":"2021-11-08T11:14:12","slug":"stacja-paliw","status":"publish","type":"page","link":"https:\/\/transpolszczytno.pl\/index.php\/stacja-paliw\/","title":{"rendered":"Stacja paliw"},"content":{"rendered":"<p>[et_pb_section fb_built=&#8221;1&#8243; fullwidth=&#8221;on&#8221; admin_label=&#8221;Header&#8221; _builder_version=&#8221;3.29.1&#8243; background_color=&#8221;#000000&#8243;][et_pb_fullwidth_slider _builder_version=&#8221;3.17.2&#8243; header_font=&#8221;Montserrat|800||on|||||&#8221; header_font_size=&#8221;6vw&#8221; header_line_height=&#8221;1.2em&#8221; body_line_height=&#8221;1.8em&#8221; custom_button=&#8221;on&#8221; button_text_size=&#8221;14px&#8221; button_text_color=&#8221;#ffffff&#8221; button_bg_color=&#8221;#f9002b&#8221; button_border_width=&#8221;0px&#8221; button_letter_spacing=&#8221;2px&#8221; button_font=&#8221;Montserrat|600||on|||||&#8221; button_icon=&#8221;%%129%%&#8221; button_icon_placement=&#8221;left&#8221; button_on_hover=&#8221;off&#8221; text_orientation=&#8221;left&#8221; custom_padding=&#8221;10vw|6%|10vw|6%|true|true&#8221; custom_padding_tablet=&#8221;|10vw||10vw|true|true&#8221; custom_padding_last_edited=&#8221;on|phone&#8221; button_bg_color__hover_enabled=&#8221;on|desktop&#8221; button_bg_color__hover=&#8221;#6e42ff&#8221; button_bg_enable_color__hover=&#8221;on&#8221;][et_pb_slide heading=&#8221;TRANS-POL&#8221; _builder_version=&#8221;3.17.2&#8243; use_background_color_gradient=&#8221;on&#8221; background_color_gradient_start=&#8221;rgba(0,0,0,0)&#8221; background_color_gradient_end=&#8221;#000000&#8243; background_color_gradient_overlays_image=&#8221;on&#8221; background_image=&#8221;http:\/\/transpolszczytno.pl\/wp-content\/uploads\/2021\/11\/STACJA-scaled.jpg&#8221;][\/et_pb_slide][et_pb_slide _builder_version=&#8221;3.17.2&#8243; use_background_color_gradient=&#8221;on&#8221; background_color_gradient_start=&#8221;rgba(0,0,0,0)&#8221; background_color_gradient_end=&#8221;#000000&#8243; background_color_gradient_overlays_image=&#8221;on&#8221; background_image=&#8221;http:\/\/transpolszczytno.pl\/wp-content\/uploads\/2021\/11\/MYJNIA-scaled.jpg&#8221;][\/et_pb_slide][et_pb_slide _builder_version=&#8221;3.17.2&#8243; use_background_color_gradient=&#8221;on&#8221; background_color_gradient_start=&#8221;rgba(0,0,0,0)&#8221; background_color_gradient_end=&#8221;#000000&#8243; background_color_gradient_overlays_image=&#8221;on&#8221; background_image=&#8221;http:\/\/transpolszczytno.pl\/wp-content\/uploads\/2021\/11\/PRZEGLAD2-scaled.jpg&#8221; button_icon=&#8221;%%112%%&#8221;][\/et_pb_slide][et_pb_slide _builder_version=&#8221;3.17.2&#8243; use_background_color_gradient=&#8221;on&#8221; background_color_gradient_start=&#8221;rgba(0,0,0,0)&#8221; background_color_gradient_end=&#8221;#000000&#8243; background_color_gradient_overlays_image=&#8221;on&#8221; background_image=&#8221;http:\/\/transpolszczytno.pl\/wp-content\/uploads\/2021\/11\/PELLET-scaled.jpg&#8221; button_icon=&#8221;%%258%%&#8221;][\/et_pb_slide][et_pb_slide _builder_version=&#8221;3.17.2&#8243; use_background_color_gradient=&#8221;on&#8221; background_color_gradient_start=&#8221;rgba(0,0,0,0)&#8221; background_color_gradient_end=&#8221;#000000&#8243; background_color_gradient_overlays_image=&#8221;on&#8221; background_image=&#8221;http:\/\/transpolszczytno.pl\/wp-content\/uploads\/2021\/11\/WEGIEL-scaled.jpg&#8221; button_icon=&#8221;%%258%%&#8221;][\/et_pb_slide][\/et_pb_fullwidth_slider][\/et_pb_section][et_pb_section fb_built=&#8221;1&#8243; admin_label=&#8221;Calls to Action&#8221; _builder_version=&#8221;3.27.3&#8243; background_color=&#8221;#000000&#8243; custom_padding=&#8221;54px|0px|18px|0px|false|false&#8221;][et_pb_row _builder_version=&#8221;3.17.2&#8243;][et_pb_column type=&#8221;4_4&#8243; _builder_version=&#8221;3.0.47&#8243; parallax=&#8221;off&#8221; parallax_method=&#8221;on&#8221;][et_pb_image src=&#8221;http:\/\/transpolszczytno.pl\/wp-content\/uploads\/2021\/11\/logo_m.png&#8221; align=&#8221;center&#8221; _builder_version=&#8221;3.17.2&#8243; max_width=&#8221;18%&#8221; animation_style=&#8221;fold&#8221;][\/et_pb_image][\/et_pb_column][\/et_pb_row][\/et_pb_section][et_pb_section fb_built=&#8221;1&#8243; admin_label=&#8221;Movie&#8221; _builder_version=&#8221;3.27.3&#8243; background_color=&#8221;#000000&#8243; custom_padding=&#8221;21px|0px|54px|0px|false|false&#8221;][et_pb_row _builder_version=&#8221;3.17.2&#8243;][et_pb_column type=&#8221;4_4&#8243; _builder_version=&#8221;3.17.2&#8243; parallax=&#8221;off&#8221; parallax_method=&#8221;on&#8221;][et_pb_image src=&#8221;http:\/\/transpolszczytno.pl\/wp-content\/uploads\/2021\/11\/sp2.png&#8221; _builder_version=&#8221;3.17.2&#8243; animation_style=&#8221;flip&#8221;][\/et_pb_image][\/et_pb_column][\/et_pb_row][\/et_pb_section][et_pb_section fb_built=&#8221;1&#8243; admin_label=&#8221;Movie&#8221; _builder_version=&#8221;3.27.3&#8243; background_color=&#8221;#000000&#8243;][et_pb_row _builder_version=&#8221;3.17.2&#8243; border_width_top=&#8221;1px&#8221; border_color_top=&#8221;#e02b20&#8243; border_width_bottom=&#8221;1px&#8221; border_color_bottom=&#8221;#e02b20&#8243;][et_pb_column type=&#8221;4_4&#8243; _builder_version=&#8221;3.0.47&#8243; parallax=&#8221;off&#8221; parallax_method=&#8221;on&#8221;][et_pb_text _builder_version=&#8221;3.17.2&#8243;]<\/p>\n<p style=\"text-align: center;\"><strong>Oferujemy Pa\u0144stwu paliwa najwy\u017cszej jako\u015bci.<\/strong><\/p>\n<h2 style=\"text-align: center;\"><span style=\"color: #e02b20;\"><strong>Stacja paliw jest czynna ca\u0142\u0105 dob\u0119\/ 7 dni w tygodniu<\/strong><\/span><\/h2>\n<p style=\"text-align: center;\"><strong>Stacja posiada koncesje na obr\u00f3t paliwami ciek\u0142ymi wydan\u0105 przez Urz\u0105d Regulacji Energetyki.<\/strong><\/p>\n<p style=\"text-align: center;\"><strong>\u00a0<\/strong><\/p>\n<p style=\"text-align: center;\"><strong>Tel. 89 624-32-17 wew.22<\/strong><\/p>\n<p>[\/et_pb_text][\/et_pb_column][\/et_pb_row][\/et_pb_section][et_pb_section fb_built=&#8221;1&#8243; admin_label=&#8221;Movie&#8221; _builder_version=&#8221;3.27.3&#8243; background_color=&#8221;#000000&#8243;][et_pb_row _builder_version=&#8221;3.17.2&#8243;][et_pb_column type=&#8221;4_4&#8243; _builder_version=&#8221;3.17.2&#8243; parallax=&#8221;off&#8221; parallax_method=&#8221;on&#8221;][et_pb_image src=&#8221;http:\/\/transpolszczytno.pl\/wp-content\/uploads\/2021\/11\/sp.png&#8221; _builder_version=&#8221;3.17.2&#8243; animation_style=&#8221;zoom&#8221;][\/et_pb_image][\/et_pb_column][\/et_pb_row][\/et_pb_section][et_pb_section fb_built=&#8221;1&#8243; admin_label=&#8221;Footer&#8221; _builder_version=&#8221;3.17.2&#8243; use_background_color_gradient=&#8221;on&#8221; background_color_gradient_start=&#8221;#000000&#8243; background_color_gradient_end=&#8221;rgba(0,0,0,0)&#8221; background_color_gradient_end_position=&#8221;50%&#8221; background_color_gradient_overlays_image=&#8221;on&#8221; background_image=&#8221;http:\/\/transpolszczytno.pl\/wp-content\/uploads\/2021\/11\/PRZEGLAD-scaled.jpg&#8221; locked=&#8221;off&#8221;][et_pb_row _builder_version=&#8221;3.29.1&#8243;][et_pb_column type=&#8221;4_4&#8243; _builder_version=&#8221;3.0.47&#8243; parallax=&#8221;off&#8221; parallax_method=&#8221;on&#8221;][\/et_pb_column][\/et_pb_row][et_pb_row _builder_version=&#8221;3.17.2&#8243;][et_pb_column type=&#8221;1_2&#8243; _builder_version=&#8221;3.0.47&#8243; parallax=&#8221;off&#8221; parallax_method=&#8221;on&#8221;][\/et_pb_column][et_pb_column type=&#8221;1_2&#8243; _builder_version=&#8221;3.0.47&#8243; parallax=&#8221;off&#8221; parallax_method=&#8221;on&#8221;][\/et_pb_column][\/et_pb_row][\/et_pb_section]<\/p>\n","protected":false},"excerpt":{"rendered":"<p>Oferujemy Pa\u0144stwu paliwa najwy\u017cszej jako\u015bci. Stacja paliw jest czynna ca\u0142\u0105 dob\u0119\/ 7 dni w tygodniu Stacja posiada koncesje na obr\u00f3t paliwami ciek\u0142ymi wydan\u0105 przez Urz\u0105d Regulacji Energetyki. \u00a0 Tel. 89 624-32-17 wew.22<\/p>\n","protected":false},"author":2,"featured_media":0,"parent":0,"menu_order":0,"comment_status":"closed","ping_status":"closed","template":"","meta":{"_et_pb_use_builder":"on","_et_pb_old_content":"","_et_gb_content_width":"","footnotes":""},"class_list":["post-54","page","type-page","status-publish","hentry"],"_links":{"self":[{"href":"https:\/\/transpolszczytno.pl\/index.php\/wp-json\/wp\/v2\/pages\/54","targetHints":{"allow":["GET"]}}],"collection":[{"href":"https:\/\/transpolszczytno.pl\/index.php\/wp-json\/wp\/v2\/pages"}],"about":[{"href":"https:\/\/transpolszczytno.pl\/index.php\/wp-json\/wp\/v2\/types\/page"}],"author":[{"embeddable":true,"href":"https:\/\/transpolszczytno.pl\/index.php\/wp-json\/wp\/v2\/users\/2"}],"replies":[{"embeddable":true,"href":"https:\/\/transpolszczytno.pl\/index.php\/wp-json\/wp\/v2\/comments?post=54"}],"version-history":[{"count":5,"href":"https:\/\/transpolszczytno.pl\/index.php\/wp-json\/wp\/v2\/pages\/54\/revisions"}],"predecessor-version":[{"id":115,"href":"https:\/\/transpolszczytno.pl\/index.php\/wp-json\/wp\/v2\/pages\/54\/revisions\/115"}],"wp:attachment":[{"href":"https:\/\/transpolszczytno.pl\/index.php\/wp-json\/wp\/v2\/media?parent=54"}],"curies":[{"name":"wp","href":"https:\/\/api.w.org\/{rel}","templated":true}]}}